{"id":583,"date":"2026-01-20T11:37:59","date_gmt":"2026-01-20T11:37:59","guid":{"rendered":"https:\/\/g-flex.com.tr\/our-certificates\/"},"modified":"2026-02-03T14:24:17","modified_gmt":"2026-02-03T14:24:17","slug":"our-certificates","status":"publish","type":"page","link":"https:\/\/g-flex.com.tr\/en\/our-certificates\/","title":{"rendered":"Our Certificates"},"content":{"rendered":"\t\t<div data-elementor-type=\"wp-page\" data-elementor-id=\"583\" class=\"elementor elementor-583 elementor-87\" data-elementor-post-type=\"page\">\n\t\t\t\t<div class=\"elementor-element elementor-element-b191166 e-flex e-con-boxed e-con e-parent\" data-id=\"b191166\" data-element_type=\"container\" data-e-type=\"container\" data-settings=\"{&quot;background_background&quot;:&quot;classic&quot;,&quot;jet_parallax_layout_list&quot;:[]}\">\n\t\t\t\t\t<div class=\"e-con-inner\">\n\t\t\t\t<div class=\"elementor-element elementor-element-6422400 jet-breadcrumbs-align-center elementor-widget elementor-widget-jet-breadcrumbs\" data-id=\"6422400\" data-element_type=\"widget\" data-e-type=\"widget\" data-widget_type=\"jet-breadcrumbs.default\">\n\t\t\t\t<div class=\"elementor-widget-container\">\n\t\t\t\t\t<div class=\"elementor-jet-breadcrumbs jet-blocks\">\n\t\t<div class=\"jet-breadcrumbs\">\n\t\t<div class=\"jet-breadcrumbs__content\">\n\t\t<div class=\"jet-breadcrumbs__wrap\"><div class=\"jet-breadcrumbs__item\"><a href=\"https:\/\/g-flex.com.tr\/en\/\" class=\"jet-breadcrumbs__item-link is-home\" rel=\"home\" title=\"G-Flex\">G-Flex<\/a><\/div>\n\t\t<\/div>\n\t\t<\/div>\n\t\t<\/div><\/div>\t\t\t\t<\/div>\n\t\t\t\t<\/div>\n\t\t\t\t\t<\/div>\n\t\t\t\t<\/div>\n\t\t<div class=\"elementor-element elementor-element-1d93734 elementor-hidden-mobile e-flex e-con-boxed e-con e-parent\" data-id=\"1d93734\" data-element_type=\"container\" data-e-type=\"container\" data-settings=\"{&quot;jet_parallax_layout_list&quot;:[]}\">\n\t\t\t\t\t<div class=\"e-con-inner\">\n\t\t\t\t<div class=\"elementor-element elementor-element-4c1b350 jet-nav-align-space-between jet-nav-mobile-align-center elementor-widget elementor-widget-jet-nav-menu\" data-id=\"4c1b350\" data-element_type=\"widget\" data-e-type=\"widget\" data-widget_type=\"jet-nav-menu.default\">\n\t\t\t\t<div class=\"elementor-widget-container\">\n\t\t\t\t\t<nav class=\"jet-nav-wrap m-layout-mobile\"><div class=\"menu-hakkimizda-ingilizce-container\"><div class=\"jet-nav m-layout-mobile jet-nav--horizontal\"><div class=\"menu-item menu-item-type-post_type menu-item-object-page jet-nav__item-631 jet-nav__item\"><a href=\"https:\/\/g-flex.com.tr\/en\/about-us\/\" class=\"menu-item-link menu-item-link-depth-0 menu-item-link-top\"><span class=\"jet-nav-link-text\">About us<\/span><\/a><\/div>\n<div class=\"menu-item menu-item-type-post_type menu-item-object-page jet-nav__item-632 jet-nav__item\"><a href=\"https:\/\/g-flex.com.tr\/en\/our-certificates\/\" class=\"menu-item-link menu-item-link-depth-0 menu-item-link-top\"><span class=\"jet-nav-link-text\">Our Certificates<\/span><\/a><\/div>\n<\/div><\/div><\/nav>\t\t\t\t<\/div>\n\t\t\t\t<\/div>\n\t\t\t\t\t<\/div>\n\t\t\t\t<\/div>\n\t\t<div class=\"elementor-element elementor-element-6493f5a elementor-hidden-desktop elementor-hidden-tablet elementor-hidden-mobile e-flex e-con-boxed e-con e-parent\" data-id=\"6493f5a\" data-element_type=\"container\" data-e-type=\"container\" data-settings=\"{&quot;jet_parallax_layout_list&quot;:[]}\">\n\t\t\t\t\t<div class=\"e-con-inner\">\n\t\t<div class=\"elementor-element elementor-element-28c8b1c e-con-full e-flex e-con e-child\" data-id=\"28c8b1c\" data-element_type=\"container\" data-e-type=\"container\" data-settings=\"{&quot;jet_parallax_layout_list&quot;:[]}\">\n\t\t\t\t<div class=\"elementor-element elementor-element-3b6b0ee elementor-widget elementor-widget-image\" data-id=\"3b6b0ee\" data-element_type=\"widget\" data-e-type=\"widget\" data-widget_type=\"image.default\">\n\t\t\t\t\t\t\t\t\t\t\t\t\t\t\t<img fetchpriority=\"high\" decoding=\"async\" width=\"718\" height=\"1024\" src=\"https:\/\/g-flex.com.tr\/wp-content\/uploads\/2026\/01\/Tum-Sertifikalar_Sayfa_07-718x1024.jpg\" class=\"attachment-large size-large wp-image-577\" alt=\"\" srcset=\"https:\/\/g-flex.com.tr\/wp-content\/uploads\/2026\/01\/Tum-Sertifikalar_Sayfa_07-718x1024.jpg 718w, https:\/\/g-flex.com.tr\/wp-content\/uploads\/2026\/01\/Tum-Sertifikalar_Sayfa_07-210x300.jpg 210w, https:\/\/g-flex.com.tr\/wp-content\/uploads\/2026\/01\/Tum-Sertifikalar_Sayfa_07-768x1096.jpg 768w, https:\/\/g-flex.com.tr\/wp-content\/uploads\/2026\/01\/Tum-Sertifikalar_Sayfa_07-1077x1536.jpg 1077w, https:\/\/g-flex.com.tr\/wp-content\/uploads\/2026\/01\/Tum-Sertifikalar_Sayfa_07-1436x2048.jpg 1436w, https:\/\/g-flex.com.tr\/wp-content\/uploads\/2026\/01\/Tum-Sertifikalar_Sayfa_07.jpg 1606w\" sizes=\"(max-width: 718px) 100vw, 718px\" \/>\t\t\t\t\t\t\t\t\t\t\t\t\t\t\t<\/div>\n\t\t\t\t<div class=\"elementor-element elementor-element-91ed490 elementor-widget elementor-widget-heading\" data-id=\"91ed490\" data-element_type=\"widget\" data-e-type=\"widget\" data-widget_type=\"heading.default\">\n\t\t\t\t\t<h4 class=\"elementor-heading-title elementor-size-default\">Turkish Patent Institute Unexamined Patent Certificate<\/h4>\t\t\t\t<\/div>\n\t\t\t\t<\/div>\n\t\t<div class=\"elementor-element elementor-element-64790b9 e-con-full e-flex e-con e-child\" data-id=\"64790b9\" data-element_type=\"container\" data-e-type=\"container\" data-settings=\"{&quot;jet_parallax_layout_list&quot;:[]}\">\n\t\t\t\t<div class=\"elementor-element elementor-element-52bead4 elementor-widget elementor-widget-image\" data-id=\"52bead4\" data-element_type=\"widget\" data-e-type=\"widget\" data-widget_type=\"image.default\">\n\t\t\t\t\t\t\t\t\t\t\t\t\t\t\t<img decoding=\"async\" width=\"636\" height=\"873\" src=\"https:\/\/g-flex.com.tr\/wp-content\/uploads\/2026\/01\/TSE-Sedtifika-1-1.jpg\" class=\"attachment-large size-large wp-image-578\" alt=\"\" srcset=\"https:\/\/g-flex.com.tr\/wp-content\/uploads\/2026\/01\/TSE-Sedtifika-1-1.jpg 636w, https:\/\/g-flex.com.tr\/wp-content\/uploads\/2026\/01\/TSE-Sedtifika-1-1-219x300.jpg 219w\" sizes=\"(max-width: 636px) 100vw, 636px\" \/>\t\t\t\t\t\t\t\t\t\t\t\t\t\t\t<\/div>\n\t\t\t\t<div class=\"elementor-element elementor-element-7eb5f89 elementor-widget elementor-widget-heading\" data-id=\"7eb5f89\" data-element_type=\"widget\" data-e-type=\"widget\" data-widget_type=\"heading.default\">\n\t\t\t\t\t<h4 class=\"elementor-heading-title elementor-size-default\">Turkish Standards Institute<\/h4>\t\t\t\t<\/div>\n\t\t\t\t<\/div>\n\t\t<div class=\"elementor-element elementor-element-e275fc2 e-con-full e-flex e-con e-child\" data-id=\"e275fc2\" data-element_type=\"container\" data-e-type=\"container\" data-settings=\"{&quot;jet_parallax_layout_list&quot;:[]}\">\n\t\t\t\t<div class=\"elementor-element elementor-element-84e31d8 elementor-widget elementor-widget-image\" data-id=\"84e31d8\" data-element_type=\"widget\" data-e-type=\"widget\" data-widget_type=\"image.default\">\n\t\t\t\t\t\t\t\t\t\t\t\t\t\t\t<img decoding=\"async\" width=\"718\" height=\"1024\" src=\"https:\/\/g-flex.com.tr\/wp-content\/uploads\/2026\/01\/Tum-Sertifikalar_Sayfa_17-718x1024.jpg\" class=\"attachment-large size-large wp-image-579\" alt=\"\" srcset=\"https:\/\/g-flex.com.tr\/wp-content\/uploads\/2026\/01\/Tum-Sertifikalar_Sayfa_17-718x1024.jpg 718w, https:\/\/g-flex.com.tr\/wp-content\/uploads\/2026\/01\/Tum-Sertifikalar_Sayfa_17-210x300.jpg 210w, https:\/\/g-flex.com.tr\/wp-content\/uploads\/2026\/01\/Tum-Sertifikalar_Sayfa_17-768x1096.jpg 768w, https:\/\/g-flex.com.tr\/wp-content\/uploads\/2026\/01\/Tum-Sertifikalar_Sayfa_17-1077x1536.jpg 1077w, https:\/\/g-flex.com.tr\/wp-content\/uploads\/2026\/01\/Tum-Sertifikalar_Sayfa_17-1436x2048.jpg 1436w, https:\/\/g-flex.com.tr\/wp-content\/uploads\/2026\/01\/Tum-Sertifikalar_Sayfa_17.jpg 1606w\" sizes=\"(max-width: 718px) 100vw, 718px\" \/>\t\t\t\t\t\t\t\t\t\t\t\t\t\t\t<\/div>\n\t\t\t\t<div class=\"elementor-element elementor-element-0c2bad3 elementor-widget elementor-widget-heading\" data-id=\"0c2bad3\" data-element_type=\"widget\" data-e-type=\"widget\" data-widget_type=\"heading.default\">\n\t\t\t\t\t<h4 class=\"elementor-heading-title elementor-size-default\">\nTurkish Standards Institute Certificate of Conformity to Criteria<\/h4>\t\t\t\t<\/div>\n\t\t\t\t<\/div>\n\t\t\t\t\t<\/div>\n\t\t\t\t<\/div>\n\t\t<div class=\"elementor-element elementor-element-e3e2c06 e-flex e-con-boxed e-con e-parent\" data-id=\"e3e2c06\" data-element_type=\"container\" data-e-type=\"container\" data-settings=\"{&quot;jet_parallax_layout_list&quot;:[]}\">\n\t\t\t\t\t<div class=\"e-con-inner\">\n\t\t<div class=\"elementor-element elementor-element-f588d7a e-con-full e-flex e-con e-child\" data-id=\"f588d7a\" data-element_type=\"container\" data-e-type=\"container\" data-settings=\"{&quot;jet_parallax_layout_list&quot;:[]}\">\n\t\t\t\t<\/div>\n\t\t<div class=\"elementor-element elementor-element-05a8ddc e-con-full elementor-hidden-mobile e-flex e-con e-child\" data-id=\"05a8ddc\" data-element_type=\"container\" data-e-type=\"container\" data-settings=\"{&quot;jet_parallax_layout_list&quot;:[]}\">\n\t\t\t\t<div class=\"elementor-element elementor-element-5663078 elementor-widget elementor-widget-image\" data-id=\"5663078\" data-element_type=\"widget\" data-e-type=\"widget\" data-widget_type=\"image.default\">\n\t\t\t\t\t\t\t\t\t\t\t\t\t\t\t<img loading=\"lazy\" decoding=\"async\" width=\"718\" height=\"1024\" src=\"https:\/\/g-flex.com.tr\/wp-content\/uploads\/2026\/01\/Marka-Tescil-1-1-718x1024.jpg\" class=\"attachment-large size-large wp-image-582\" alt=\"\" srcset=\"https:\/\/g-flex.com.tr\/wp-content\/uploads\/2026\/01\/Marka-Tescil-1-1-718x1024.jpg 718w, https:\/\/g-flex.com.tr\/wp-content\/uploads\/2026\/01\/Marka-Tescil-1-1-210x300.jpg 210w, https:\/\/g-flex.com.tr\/wp-content\/uploads\/2026\/01\/Marka-Tescil-1-1-768x1096.jpg 768w, https:\/\/g-flex.com.tr\/wp-content\/uploads\/2026\/01\/Marka-Tescil-1-1-1077x1536.jpg 1077w, https:\/\/g-flex.com.tr\/wp-content\/uploads\/2026\/01\/Marka-Tescil-1-1-1436x2048.jpg 1436w, https:\/\/g-flex.com.tr\/wp-content\/uploads\/2026\/01\/Marka-Tescil-1-1.jpg 1606w\" sizes=\"(max-width: 718px) 100vw, 718px\" \/>\t\t\t\t\t\t\t\t\t\t\t\t\t\t\t<\/div>\n\t\t\t\t<div class=\"elementor-element elementor-element-d766010 elementor-widget elementor-widget-heading\" data-id=\"d766010\" data-element_type=\"widget\" data-e-type=\"widget\" data-widget_type=\"heading.default\">\n\t\t\t\t\t<h4 class=\"elementor-heading-title elementor-size-default\">Trademark Registration Documents<\/h4>\t\t\t\t<\/div>\n\t\t\t\t<\/div>\n\t\t<div class=\"elementor-element elementor-element-b8eec6b e-con-full e-flex e-con e-child\" data-id=\"b8eec6b\" data-element_type=\"container\" data-e-type=\"container\" data-settings=\"{&quot;jet_parallax_layout_list&quot;:[]}\">\n\t\t\t\t<\/div>\n\t\t\t\t\t<\/div>\n\t\t\t\t<\/div>\n\t\t<div class=\"elementor-element elementor-element-9cad967 elementor-hidden-desktop elementor-hidden-tablet elementor-hidden-mobile e-flex e-con-boxed e-con e-parent\" data-id=\"9cad967\" data-element_type=\"container\" data-e-type=\"container\" data-settings=\"{&quot;jet_parallax_layout_list&quot;:[]}\">\n\t\t\t\t\t<div class=\"e-con-inner\">\n\t\t<div class=\"elementor-element elementor-element-8636df4 e-con-full e-flex e-con e-child\" data-id=\"8636df4\" data-element_type=\"container\" data-e-type=\"container\" data-settings=\"{&quot;jet_parallax_layout_list&quot;:[]}\">\n\t\t\t\t<div class=\"elementor-element elementor-element-4774f34 elementor-widget elementor-widget-image\" data-id=\"4774f34\" data-element_type=\"widget\" data-e-type=\"widget\" data-widget_type=\"image.default\">\n\t\t\t\t\t\t\t\t\t\t\t\t\t\t\t<img loading=\"lazy\" decoding=\"async\" width=\"718\" height=\"1024\" src=\"https:\/\/g-flex.com.tr\/wp-content\/uploads\/2026\/01\/TuvAvusturya-3-718x1024.jpg\" class=\"attachment-large size-large wp-image-580\" alt=\"\" srcset=\"https:\/\/g-flex.com.tr\/wp-content\/uploads\/2026\/01\/TuvAvusturya-3-718x1024.jpg 718w, https:\/\/g-flex.com.tr\/wp-content\/uploads\/2026\/01\/TuvAvusturya-3-210x300.jpg 210w, https:\/\/g-flex.com.tr\/wp-content\/uploads\/2026\/01\/TuvAvusturya-3-768x1096.jpg 768w, https:\/\/g-flex.com.tr\/wp-content\/uploads\/2026\/01\/TuvAvusturya-3-1077x1536.jpg 1077w, https:\/\/g-flex.com.tr\/wp-content\/uploads\/2026\/01\/TuvAvusturya-3-1436x2048.jpg 1436w, https:\/\/g-flex.com.tr\/wp-content\/uploads\/2026\/01\/TuvAvusturya-3.jpg 1606w\" sizes=\"(max-width: 718px) 100vw, 718px\" \/>\t\t\t\t\t\t\t\t\t\t\t\t\t\t\t<\/div>\n\t\t\t\t<div class=\"elementor-element elementor-element-7377c9b elementor-widget elementor-widget-heading\" data-id=\"7377c9b\" data-element_type=\"widget\" data-e-type=\"widget\" data-widget_type=\"heading.default\">\n\t\t\t\t\t<h4 class=\"elementor-heading-title elementor-size-default\">TuV AUSTRIA<\/h4>\t\t\t\t<\/div>\n\t\t\t\t<\/div>\n\t\t<div class=\"elementor-element elementor-element-7a438ba e-con-full e-flex e-con e-child\" data-id=\"7a438ba\" data-element_type=\"container\" data-e-type=\"container\" data-settings=\"{&quot;jet_parallax_layout_list&quot;:[]}\">\n\t\t\t\t<div class=\"elementor-element elementor-element-6c5cdf2 elementor-widget elementor-widget-image\" data-id=\"6c5cdf2\" data-element_type=\"widget\" data-e-type=\"widget\" data-widget_type=\"image.default\">\n\t\t\t\t\t\t\t\t\t\t\t\t\t\t\t<img loading=\"lazy\" decoding=\"async\" width=\"718\" height=\"1024\" src=\"https:\/\/g-flex.com.tr\/wp-content\/uploads\/2026\/01\/Tuvnord-5-718x1024.jpg\" class=\"attachment-large size-large wp-image-581\" alt=\"\" srcset=\"https:\/\/g-flex.com.tr\/wp-content\/uploads\/2026\/01\/Tuvnord-5-718x1024.jpg 718w, https:\/\/g-flex.com.tr\/wp-content\/uploads\/2026\/01\/Tuvnord-5-210x300.jpg 210w, https:\/\/g-flex.com.tr\/wp-content\/uploads\/2026\/01\/Tuvnord-5-768x1096.jpg 768w, https:\/\/g-flex.com.tr\/wp-content\/uploads\/2026\/01\/Tuvnord-5-1077x1536.jpg 1077w, https:\/\/g-flex.com.tr\/wp-content\/uploads\/2026\/01\/Tuvnord-5-1436x2048.jpg 1436w, https:\/\/g-flex.com.tr\/wp-content\/uploads\/2026\/01\/Tuvnord-5.jpg 1606w\" sizes=\"(max-width: 718px) 100vw, 718px\" \/>\t\t\t\t\t\t\t\t\t\t\t\t\t\t\t<\/div>\n\t\t\t\t<div class=\"elementor-element elementor-element-ac0c567 elementor-widget elementor-widget-heading\" data-id=\"ac0c567\" data-element_type=\"widget\" data-e-type=\"widget\" data-widget_type=\"heading.default\">\n\t\t\t\t\t<h4 class=\"elementor-heading-title elementor-size-default\">\nTuV NORD\nTuV NORD<\/h4>\t\t\t\t<\/div>\n\t\t\t\t<\/div>\n\t\t<div class=\"elementor-element elementor-element-78b3b88 e-con-full elementor-hidden-mobile e-flex e-con e-child\" data-id=\"78b3b88\" data-element_type=\"container\" data-e-type=\"container\" data-settings=\"{&quot;jet_parallax_layout_list&quot;:[]}\">\n\t\t\t\t<div class=\"elementor-element elementor-element-2e08833 elementor-widget elementor-widget-image\" data-id=\"2e08833\" data-element_type=\"widget\" data-e-type=\"widget\" data-widget_type=\"image.default\">\n\t\t\t\t\t\t\t\t\t\t\t\t\t\t\t<img loading=\"lazy\" decoding=\"async\" width=\"718\" height=\"1024\" src=\"https:\/\/g-flex.com.tr\/wp-content\/uploads\/2026\/01\/Marka-Tescil-1-1-718x1024.jpg\" class=\"attachment-large size-large wp-image-582\" alt=\"\" srcset=\"https:\/\/g-flex.com.tr\/wp-content\/uploads\/2026\/01\/Marka-Tescil-1-1-718x1024.jpg 718w, https:\/\/g-flex.com.tr\/wp-content\/uploads\/2026\/01\/Marka-Tescil-1-1-210x300.jpg 210w, https:\/\/g-flex.com.tr\/wp-content\/uploads\/2026\/01\/Marka-Tescil-1-1-768x1096.jpg 768w, https:\/\/g-flex.com.tr\/wp-content\/uploads\/2026\/01\/Marka-Tescil-1-1-1077x1536.jpg 1077w, https:\/\/g-flex.com.tr\/wp-content\/uploads\/2026\/01\/Marka-Tescil-1-1-1436x2048.jpg 1436w, https:\/\/g-flex.com.tr\/wp-content\/uploads\/2026\/01\/Marka-Tescil-1-1.jpg 1606w\" sizes=\"(max-width: 718px) 100vw, 718px\" \/>\t\t\t\t\t\t\t\t\t\t\t\t\t\t\t<\/div>\n\t\t\t\t<div class=\"elementor-element elementor-element-73f2a97 elementor-widget elementor-widget-heading\" data-id=\"73f2a97\" data-element_type=\"widget\" data-e-type=\"widget\" data-widget_type=\"heading.default\">\n\t\t\t\t\t<h4 class=\"elementor-heading-title elementor-size-default\">Trademark Registration Documents<\/h4>\t\t\t\t<\/div>\n\t\t\t\t<\/div>\n\t\t\t\t\t<\/div>\n\t\t\t\t<\/div>\n\t\t\t\t<\/div>\n\t\t","protected":false},"excerpt":{"rendered":"<p>G-Flex Hakk\u0131m\u0131zda Sertifikalar\u0131m\u0131z Kalite Politikam\u0131z Gizlilik politikas\u0131 KVKK Ayd\u0131nlatma Metni KVKK \u0130mha Politikas\u0131 Turkish Patent Institute Unexamined Patent Certificate Turkish Standards Institute Turkish Standards Institute Certificate of Conformity to Criteria Trademark Registration Documents TuV AUSTRIA TuV NORD TuV NORD Trademark Registration Documents<\/p>\n","protected":false},"author":1,"featured_media":0,"parent":0,"menu_order":0,"comment_status":"closed","ping_status":"closed","template":"elementor_header_footer","meta":{"footnotes":""},"class_list":["post-583","page","type-page","status-publish","hentry"],"_links":{"self":[{"href":"https:\/\/g-flex.com.tr\/en\/wp-json\/wp\/v2\/pages\/583","targetHints":{"allow":["GET"]}}],"collection":[{"href":"https:\/\/g-flex.com.tr\/en\/wp-json\/wp\/v2\/pages"}],"about":[{"href":"https:\/\/g-flex.com.tr\/en\/wp-json\/wp\/v2\/types\/page"}],"author":[{"embeddable":true,"href":"https:\/\/g-flex.com.tr\/en\/wp-json\/wp\/v2\/users\/1"}],"replies":[{"embeddable":true,"href":"https:\/\/g-flex.com.tr\/en\/wp-json\/wp\/v2\/comments?post=583"}],"version-history":[{"count":3,"href":"https:\/\/g-flex.com.tr\/en\/wp-json\/wp\/v2\/pages\/583\/revisions"}],"predecessor-version":[{"id":760,"href":"https:\/\/g-flex.com.tr\/en\/wp-json\/wp\/v2\/pages\/583\/revisions\/760"}],"wp:attachment":[{"href":"https:\/\/g-flex.com.tr\/en\/wp-json\/wp\/v2\/media?parent=583"}],"curies":[{"name":"wp","href":"https:\/\/api.w.org\/{rel}","templated":true}]}}