{"id":588,"date":"2026-01-19T17:36:41","date_gmt":"2026-01-19T17:36:41","guid":{"rendered":"https:\/\/g-flex.com.tr\/about-us\/"},"modified":"2026-01-25T17:48:37","modified_gmt":"2026-01-25T17:48:37","slug":"about-us","status":"publish","type":"page","link":"https:\/\/g-flex.com.tr\/en\/about-us\/","title":{"rendered":"About us"},"content":{"rendered":"\t\t<div data-elementor-type=\"wp-page\" data-elementor-id=\"588\" class=\"elementor elementor-588 elementor-69\" data-elementor-post-type=\"page\">\n\t\t\t\t<div class=\"elementor-element elementor-element-57dc5fb e-flex e-con-boxed e-con e-parent\" data-id=\"57dc5fb\" data-element_type=\"container\" data-e-type=\"container\" data-settings=\"{&quot;background_background&quot;:&quot;classic&quot;,&quot;jet_parallax_layout_list&quot;:[]}\">\n\t\t\t\t\t<div class=\"e-con-inner\">\n\t\t\t\t<div class=\"elementor-element elementor-element-11e32fd jet-breadcrumbs-align-center elementor-widget elementor-widget-jet-breadcrumbs\" data-id=\"11e32fd\" data-element_type=\"widget\" data-e-type=\"widget\" data-widget_type=\"jet-breadcrumbs.default\">\n\t\t\t\t<div class=\"elementor-widget-container\">\n\t\t\t\t\t<div class=\"elementor-jet-breadcrumbs jet-blocks\">\n\t\t<div class=\"jet-breadcrumbs\">\n\t\t<div class=\"jet-breadcrumbs__content\">\n\t\t<div class=\"jet-breadcrumbs__wrap\"><div class=\"jet-breadcrumbs__item\"><a href=\"https:\/\/g-flex.com.tr\/en\/\" class=\"jet-breadcrumbs__item-link is-home\" rel=\"home\" title=\"G-Flex\">G-Flex<\/a><\/div>\n\t\t<\/div>\n\t\t<\/div>\n\t\t<\/div><\/div>\t\t\t\t<\/div>\n\t\t\t\t<\/div>\n\t\t\t\t\t<\/div>\n\t\t\t\t<\/div>\n\t\t<div class=\"elementor-element elementor-element-0e90a7a elementor-hidden-mobile e-flex e-con-boxed e-con e-parent\" data-id=\"0e90a7a\" data-element_type=\"container\" data-e-type=\"container\" data-settings=\"{&quot;jet_parallax_layout_list&quot;:[]}\">\n\t\t\t\t\t<div class=\"e-con-inner\">\n\t\t\t\t<div class=\"elementor-element elementor-element-1e9e40e jet-nav-align-space-between jet-nav-mobile-align-center elementor-widget elementor-widget-jet-nav-menu\" data-id=\"1e9e40e\" data-element_type=\"widget\" data-e-type=\"widget\" data-widget_type=\"jet-nav-menu.default\">\n\t\t\t\t<div class=\"elementor-widget-container\">\n\t\t\t\t\t<nav class=\"jet-nav-wrap m-layout-mobile\"><div class=\"menu-hakkimizda-ingilizce-container\"><div class=\"jet-nav m-layout-mobile jet-nav--horizontal\"><div class=\"menu-item menu-item-type-post_type menu-item-object-page jet-nav__item-631 jet-nav__item\"><a href=\"https:\/\/g-flex.com.tr\/en\/about-us\/\" class=\"menu-item-link menu-item-link-depth-0 menu-item-link-top\"><span class=\"jet-nav-link-text\">About us<\/span><\/a><\/div>\n<div class=\"menu-item menu-item-type-post_type menu-item-object-page jet-nav__item-632 jet-nav__item\"><a href=\"https:\/\/g-flex.com.tr\/en\/our-certificates\/\" class=\"menu-item-link menu-item-link-depth-0 menu-item-link-top\"><span class=\"jet-nav-link-text\">Our Certificates<\/span><\/a><\/div>\n<\/div><\/div><\/nav>\t\t\t\t<\/div>\n\t\t\t\t<\/div>\n\t\t\t\t\t<\/div>\n\t\t\t\t<\/div>\n\t\t<div class=\"elementor-element elementor-element-3895c92 e-flex e-con-boxed e-con e-parent\" data-id=\"3895c92\" data-element_type=\"container\" data-e-type=\"container\" data-settings=\"{&quot;jet_parallax_layout_list&quot;:[]}\">\n\t\t\t\t\t<div class=\"e-con-inner\">\n\t\t<div class=\"elementor-element elementor-element-459d3d2 e-con-full e-flex e-con e-child\" data-id=\"459d3d2\" data-element_type=\"container\" data-e-type=\"container\" data-settings=\"{&quot;jet_parallax_layout_list&quot;:[]}\">\n\t\t\t\t<div class=\"elementor-element elementor-element-b49d052 elementor-widget elementor-widget-heading\" data-id=\"b49d052\" data-element_type=\"widget\" data-e-type=\"widget\" data-widget_type=\"heading.default\">\n\t\t\t\t\t<h1 class=\"elementor-heading-title elementor-size-default\">Who We Are<\/h1>\t\t\t\t<\/div>\n\t\t\t\t<div class=\"elementor-element elementor-element-4e99e37 elementor-widget elementor-widget-text-editor\" data-id=\"4e99e37\" data-element_type=\"widget\" data-e-type=\"widget\" data-widget_type=\"text-editor.default\">\n\t\t\t\t\t\t\t\t\t<div class=\"sayfa_ustkisim\"><div class=\"navigasyon span12\"><div class=\"wrapper\"><p>As <a href=\"http:\/\/www.guvencelikhalat.com.tr\/\" target=\"_blank\" rel=\"noopener\">G\u00fcven <\/a>Steel Rope, our company has adopted the elevation of humanity as a fundamental goal alongside pursuing its well-known commercial objectives.<\/p><p>Because we know that society will become more civilised in proportion to the human living conditions afforded to the individual, and as a result, the earth will become a much more liveable place for humanity.<\/p><p>We hold 16 quality, utility model and trademark registration certificates.<\/p><p>We have a total of 50 different suppliers, both domestic and foreign.<\/p><p>In this context, <a href=\"http:\/\/www.guvencelikhalat.com.tr\/\" target=\"_blank\" rel=\"noopener\"><strong>G\u00dcVEN<\/strong><\/a>;<br>\u2605 Operates in the load lifting, fastening equipment and lift sectors, and is a leading manufacturer of lift balance chains,<br>\u2605 Keeps the customer&#8217;s total cost at the lowest level and maximises performance with products and services that make a difference,<br>\u2605 Uses the right analysis and matching methods to understand the customer well,<br>\u2605 Sees high-performance products as well as economical products as key and can offer them as an alternative,<br>\u2605 Is a company that can deliver products smoothly and quickly with its strong stock structure and organisation.<\/p><\/div><\/div><\/div>\t\t\t\t\t\t\t\t<\/div>\n\t\t\t\t<div class=\"elementor-element elementor-element-e5ad623 elementor-widget-divider--view-line elementor-widget elementor-widget-divider\" data-id=\"e5ad623\" data-element_type=\"widget\" data-e-type=\"widget\" data-widget_type=\"divider.default\">\n\t\t\t\t\t\t\t<div class=\"elementor-divider\">\n\t\t\t<span class=\"elementor-divider-separator\">\n\t\t\t\t\t\t<\/span>\n\t\t<\/div>\n\t\t\t\t\t\t<\/div>\n\t\t\t\t<div class=\"elementor-element elementor-element-8f236bb elementor-widget elementor-widget-heading\" data-id=\"8f236bb\" data-element_type=\"widget\" data-e-type=\"widget\" data-widget_type=\"heading.default\">\n\t\t\t\t\t<h1 class=\"elementor-heading-title elementor-size-default\">Trust in Numbers<\/h1>\t\t\t\t<\/div>\n\t\t\t\t<div class=\"elementor-element elementor-element-ac077db elementor-widget elementor-widget-text-editor\" data-id=\"ac077db\" data-element_type=\"widget\" data-e-type=\"widget\" data-widget_type=\"text-editor.default\">\n\t\t\t\t\t\t\t\t\t<div class=\"sayfa_ustkisim\"><div class=\"navigasyon span12\"><div class=\"wrapper\"><p>\u2605 It has been serving the sector for over 30 years.<br>\u2605 It offers tailored solutions for 22 different sectors.<br>\u2605 It operates across 6,000 square metres of enclosed space, with five different businesses.<br>\u2605 It serves its customers with a staff of 50.<br>\u2605 It continues its marketing and sales activities in 81 provinces across Turkey&#8217;s 7 regions.<br>\u2605 It exports to nearly 20 countries in Europe and the Middle East.<br>\u2605 It supplies materials to various sectors with a stock of 2,000 tonnes of high-performance and general-purpose steel wire rope.<br>\u2605 It provides services to approximately 2,500 registered business partners.<br>\u2605 It holds 16 quality, utility model and trademark registration certificates.<br>\u2605 It has a total of 50 different suppliers, both domestic and foreign.<\/p><\/div><\/div><\/div>\t\t\t\t\t\t\t\t<\/div>\n\t\t\t\t<div class=\"elementor-element elementor-element-5aacb35 elementor-widget-divider--view-line elementor-widget elementor-widget-divider\" data-id=\"5aacb35\" data-element_type=\"widget\" data-e-type=\"widget\" data-widget_type=\"divider.default\">\n\t\t\t\t\t\t\t<div class=\"elementor-divider\">\n\t\t\t<span class=\"elementor-divider-separator\">\n\t\t\t\t\t\t<\/span>\n\t\t<\/div>\n\t\t\t\t\t\t<\/div>\n\t\t\t\t<div class=\"elementor-element elementor-element-e93fd1b elementor-widget elementor-widget-heading\" data-id=\"e93fd1b\" data-element_type=\"widget\" data-e-type=\"widget\" data-widget_type=\"heading.default\">\n\t\t\t\t\t<h1 class=\"elementor-heading-title elementor-size-default\">Our Mission<\/h1>\t\t\t\t<\/div>\n\t\t\t\t<div class=\"elementor-element elementor-element-450e136 elementor-widget elementor-widget-text-editor\" data-id=\"450e136\" data-element_type=\"widget\" data-e-type=\"widget\" data-widget_type=\"text-editor.default\">\n\t\t\t\t\t\t\t\t\t<div class=\"sayfa_ustkisim\"><div class=\"navigasyon span12\"><div class=\"wrapper\"><ul><li>In line with our commitment to high quality and safety, we always maintain the highest level of workplace safety.<\/li><li>Ensuring lasting customer satisfaction with high-quality products that eliminate life-threatening risks.<\/li><li>Working with a professional and innovative team that applies cutting-edge technological developments across all areas of our company.<\/li><\/ul><\/div><\/div><\/div>\t\t\t\t\t\t\t\t<\/div>\n\t\t\t\t<div class=\"elementor-element elementor-element-0fb92c4 elementor-widget-divider--view-line elementor-widget elementor-widget-divider\" data-id=\"0fb92c4\" data-element_type=\"widget\" data-e-type=\"widget\" data-widget_type=\"divider.default\">\n\t\t\t\t\t\t\t<div class=\"elementor-divider\">\n\t\t\t<span class=\"elementor-divider-separator\">\n\t\t\t\t\t\t<\/span>\n\t\t<\/div>\n\t\t\t\t\t\t<\/div>\n\t\t\t\t<div class=\"elementor-element elementor-element-3337179 elementor-widget elementor-widget-heading\" data-id=\"3337179\" data-element_type=\"widget\" data-e-type=\"widget\" data-widget_type=\"heading.default\">\n\t\t\t\t\t<h1 class=\"elementor-heading-title elementor-size-default\">Our vision<\/h1>\t\t\t\t<\/div>\n\t\t\t\t<div class=\"elementor-element elementor-element-837bb0b elementor-widget elementor-widget-text-editor\" data-id=\"837bb0b\" data-element_type=\"widget\" data-e-type=\"widget\" data-widget_type=\"text-editor.default\">\n\t\t\t\t\t\t\t\t\t<div class=\"sayfa_ustkisim\"><div class=\"navigasyon span12\"><div class=\"wrapper\"><p>Our goal is to become a globally recognised company that stands out in Turkey with our values that define our service approach and our reliable products, growing steadily and developing with confident steps.<\/p><\/div><\/div><\/div>\t\t\t\t\t\t\t\t<\/div>\n\t\t\t\t<\/div>\n\t\t\t\t\t<\/div>\n\t\t\t\t<\/div>\n\t\t\t\t<\/div>\n\t\t","protected":false},"excerpt":{"rendered":"<p>G-Flex Hakk\u0131m\u0131zda Sertifikalar\u0131m\u0131z Kalite Politikam\u0131z Gizlilik politikas\u0131 KVKK Ayd\u0131nlatma Metni KVKK \u0130mha Politikas\u0131 Who We Are As G\u00fcven Steel Rope, our company has adopted the elevation of humanity as a fundamental goal alongside pursuing its well-known commercial objectives. Because we know that society will become more civilised in proportion to the human living conditions afforded [&hellip;]<\/p>\n","protected":false},"author":1,"featured_media":0,"parent":0,"menu_order":0,"comment_status":"closed","ping_status":"closed","template":"elementor_header_footer","meta":{"footnotes":""},"class_list":["post-588","page","type-page","status-publish","hentry"],"_links":{"self":[{"href":"https:\/\/g-flex.com.tr\/en\/wp-json\/wp\/v2\/pages\/588","targetHints":{"allow":["GET"]}}],"collection":[{"href":"https:\/\/g-flex.com.tr\/en\/wp-json\/wp\/v2\/pages"}],"about":[{"href":"https:\/\/g-flex.com.tr\/en\/wp-json\/wp\/v2\/types\/page"}],"author":[{"embeddable":true,"href":"https:\/\/g-flex.com.tr\/en\/wp-json\/wp\/v2\/users\/1"}],"replies":[{"embeddable":true,"href":"https:\/\/g-flex.com.tr\/en\/wp-json\/wp\/v2\/comments?post=588"}],"version-history":[{"count":1,"href":"https:\/\/g-flex.com.tr\/en\/wp-json\/wp\/v2\/pages\/588\/revisions"}],"predecessor-version":[{"id":589,"href":"https:\/\/g-flex.com.tr\/en\/wp-json\/wp\/v2\/pages\/588\/revisions\/589"}],"wp:attachment":[{"href":"https:\/\/g-flex.com.tr\/en\/wp-json\/wp\/v2\/media?parent=588"}],"curies":[{"name":"wp","href":"https:\/\/api.w.org\/{rel}","templated":true}]}}